{"id":24825,"date":"2025-05-16T13:10:56","date_gmt":"2025-05-16T13:10:56","guid":{"rendered":"https:\/\/planosecuenciafilms.barcelona.ro\/?page_id=24825"},"modified":"2025-05-16T13:12:03","modified_gmt":"2025-05-16T13:12:03","slug":"politica-de-privacidad","status":"publish","type":"page","link":"https:\/\/planosecuenciafilms.com\/ca\/politica-de-privacidad\/","title":{"rendered":"Pol\u00edtica de Privadesa"},"content":{"rendered":"<div data-elementor-type=\"wp-page\" data-elementor-id=\"24825\" class=\"elementor elementor-24825\" data-elementor-post-type=\"page\">\n\t\t\t\t<div data-particle_enable=\"false\" data-particle-mobile-disabled=\"false\" class=\"elementor-element elementor-element-bf0982c e-flex e-con-boxed e-con e-parent\" data-id=\"bf0982c\" data-element_type=\"container\">\n\t\t\t\t\t<div class=\"e-con-inner\">\n\t\t\t\t<div class=\"elementor-element elementor-element-1b0dd82 elementor-widget elementor-widget-text-editor\" data-id=\"1b0dd82\" data-element_type=\"widget\" data-widget_type=\"text-editor.default\">\n\t\t\t\t<div class=\"elementor-widget-container\">\n\t\t\t\t\t\t\t\t\t<h2 class=\"\" data-start=\"384\" data-end=\"417\">1. Responsable del tractament<\/h2><ul data-start=\"419\" data-end=\"614\"><li class=\"\" data-start=\"419\" data-end=\"459\"><p class=\"\" data-start=\"421\" data-end=\"459\"><strong data-start=\"421\" data-end=\"437\">Responsable:<\/strong> \u00d3scar G\u00f3mez Bol\u00edvar<\/p><\/li><li class=\"\" data-start=\"460\" data-end=\"486\"><p class=\"\" data-start=\"462\" data-end=\"486\"><strong data-start=\"462\" data-end=\"474\">CIF\/NIF:<\/strong> 36523698C<\/p><\/li><li class=\"\" data-start=\"487\" data-end=\"555\"><p class=\"\" data-start=\"489\" data-end=\"555\"><strong data-start=\"489\" data-end=\"503\">Adre\u00e7a:<\/strong> Carrer Alarona 3B 3\u00ba 1\u00aa, 08302, Matar\u00f3, Barcelona<\/p><\/li><li class=\"\" data-start=\"556\" data-end=\"614\"><p class=\"\" data-start=\"558\" data-end=\"614\"><strong data-start=\"558\" data-end=\"581\">Correu electr\u00f2nic:<\/strong> <a class=\"cursor-pointer\" rel=\"noopener\" data-start=\"582\" data-end=\"614\">contacto@planosecuenciafilms.com<\/a><\/p><\/li><\/ul><h2 class=\"\" data-start=\"616\" data-end=\"647\">2. Finalitat del tractament<\/h2><p class=\"\" data-start=\"649\" data-end=\"746\">Les dades personals recollides a trav\u00e9s del lloc web es tractaran amb les finalitats seg\u00fcents:<\/p><ul data-start=\"748\" data-end=\"1035\"><li class=\"\" data-start=\"748\" data-end=\"847\"><p class=\"\" data-start=\"750\" data-end=\"847\">Atendre sol\u00b7licituds de contacte o pressuposts rebuts a trav\u00e9s dels formularis habilitats.<\/p><\/li><li class=\"\" data-start=\"848\" data-end=\"963\"><p class=\"\" data-start=\"850\" data-end=\"963\">Enviar informaci\u00f3 comercial relacionada amb els serveis oferts, si l'usuari d\u00f3na el seu consentiment expr\u00e9s.<\/p><\/li><li class=\"\" data-start=\"964\" data-end=\"1035\"><p class=\"\" data-start=\"966\" data-end=\"1035\">Millorar lexperi\u00e8ncia de navegaci\u00f3 i analitzar l\u00fas del lloc web.<\/p><\/li><\/ul><h2 class=\"\" data-start=\"1037\" data-end=\"1055\">3. Legitimaci\u00f3<\/h2><p class=\"\" data-start=\"1057\" data-end=\"1291\">El tractament de les dades es basa en el consentiment de linteressat (art. 6.1.a RGPD), que podr\u00e0 ser retirat en qualsevol moment, i en linter\u00e8s leg\u00edtim del responsable per mantenir la relaci\u00f3 amb els usuaris del lloc web.<\/p><h2 class=\"\" data-start=\"1293\" data-end=\"1312\">4. Destinataris<\/h2><p class=\"\" data-start=\"1314\" data-end=\"1570\">No es comunicaran dades a tercers tret d'obligaci\u00f3 legal o tret que sigui necessari per a la prestaci\u00f3 d'un servei (com a prove\u00efdors de hosting o serveis tecnol\u00f2gics, que actuaran com a encarregats del tractament sota contracte legal conforme al RGPD).<\/p><h2 class=\"\" data-start=\"1572\" data-end=\"1586\">5. Drets<\/h2><p class=\"\" data-start=\"1588\" data-end=\"1629\">L'usuari podr\u00e0 exercir els seus drets de:<\/p><ul data-start=\"1631\" data-end=\"1935\"><li class=\"\" data-start=\"1631\" data-end=\"1672\"><p class=\"translation-block\" data-start=\"1633\" data-end=\"1672\"><strong data-start=\"1633\" data-end=\"1643\">Acc\u00e9s<\/strong>: con\u00e8ixer quines dades tractem.<\/p><\/li><li class=\"\" data-start=\"1673\" data-end=\"1719\"><p class=\"translation-block\" data-start=\"1675\" data-end=\"1719\"><strong data-start=\"1675\" data-end=\"1692\">Rectificaci\u00f3<\/strong>: corregir dades inexactes.<\/p><\/li><li class=\"\" data-start=\"1720\" data-end=\"1775\"><p class=\"translation-block\" data-start=\"1722\" data-end=\"1775\"><strong data-start=\"1722\" data-end=\"1735\">Supressi\u00f3<\/strong>: sol\u00b7licitar l'eliminaci\u00f3 de les dades.<\/p><\/li><li class=\"\" data-start=\"1776\" data-end=\"1830\"><p class=\"translation-block\" data-start=\"1778\" data-end=\"1830\"><strong data-start=\"1778\" data-end=\"1792\">Limitaci\u00f3<\/strong>: limitar el tractament de les vostres dades.<\/p><\/li><li class=\"\" data-start=\"1831\" data-end=\"1872\"><p class=\"translation-block\" data-start=\"1833\" data-end=\"1872\"><strong data-start=\"1833\" data-end=\"1846\">Oposici\u00f3<\/strong>: oposar-se al tractament.<\/p><\/li><li class=\"\" data-start=\"1873\" data-end=\"1935\"><p class=\"translation-block\" data-start=\"1875\" data-end=\"1935\"><strong data-start=\"1875\" data-end=\"1891\">Portabilitat<\/strong>: rebre les dades en format estructurat.<\/p><\/li><\/ul><p class=\"translation-block\" data-start=\"1937\" data-end=\"2106\">Podeu exercir aquests drets enviant un correu electr\u00f2nic a <strong data-start=\"1999\" data-end=\"2035\"><a class=\"cursor-pointer\" rel=\"noopener\" data-start=\"2001\" data-end=\"2033\" target=\"_self\">contacte@planosecuenciafilms.com document identificatiu v\u00e0lid.<\/p><h2 class=\"\" data-start=\"2108\" data-end=\"2139\">6. Conservaci\u00f3 de les dades<\/h2><p class=\"\" data-start=\"2141\" data-end=\"2342\">Les dades s'han de conservar mentre es mantingui la relaci\u00f3 amb l'usuari o mentre siguin necess\u00e0ries per complir amb la finalitat per a la qual van ser recollides, i durant els terminis exigits per la llei.<\/p><h2 class=\"\" data-start=\"2344\" data-end=\"2359\">7. Seguretat<\/h2><p class=\"\" data-start=\"2361\" data-end=\"2499\">S'apliquen mesures t\u00e8cniques i organitzatives per protegir les dades personals contra p\u00e8rdua, mal \u00fas, acc\u00e9s no autoritzat o alteraci\u00f3.<\/p>\t\t\t\t\t\t\t\t<\/div>\n\t\t\t\t<\/div>\n\t\t\t\t\t<\/div>\n\t\t\t\t<\/div>\n\t\t\t\t<\/div>","protected":false},"excerpt":{"rendered":"<p>1. Responsable del tratamiento Responsable: \u00d3scar G\u00f3mez Bol\u00edvar CIF\/NIF: 36523698C Direcci\u00f3n: Carrer Alarona 3B 3\u00ba 1\u00aa, 08302, Matar\u00f3, Barcelona Correo electr\u00f3nico: contacto@planosecuenciafilms.com 2. Finalidad del tratamiento Los datos personales recogidos a trav\u00e9s del sitio web se tratar\u00e1n con las siguientes finalidades: Atender solicitudes de contacto o presupuestos recibidos a trav\u00e9s de los formularios habilitados. Enviar&hellip;<\/p>","protected":false},"author":1,"featured_media":0,"parent":0,"menu_order":0,"comment_status":"closed","ping_status":"closed","template":"","meta":{"footnotes":""},"class_list":["post-24825","page","type-page","status-publish","hentry"],"_links":{"self":[{"href":"https:\/\/planosecuenciafilms.com\/ca\/wp-json\/wp\/v2\/pages\/24825","targetHints":{"allow":["GET"]}}],"collection":[{"href":"https:\/\/planosecuenciafilms.com\/ca\/wp-json\/wp\/v2\/pages"}],"about":[{"href":"https:\/\/planosecuenciafilms.com\/ca\/wp-json\/wp\/v2\/types\/page"}],"author":[{"embeddable":true,"href":"https:\/\/planosecuenciafilms.com\/ca\/wp-json\/wp\/v2\/users\/1"}],"replies":[{"embeddable":true,"href":"https:\/\/planosecuenciafilms.com\/ca\/wp-json\/wp\/v2\/comments?post=24825"}],"version-history":[{"count":0,"href":"https:\/\/planosecuenciafilms.com\/ca\/wp-json\/wp\/v2\/pages\/24825\/revisions"}],"wp:attachment":[{"href":"https:\/\/planosecuenciafilms.com\/ca\/wp-json\/wp\/v2\/media?parent=24825"}],"curies":[{"name":"wp","href":"https:\/\/api.w.org\/{rel}","templated":true}]}}