{"id":24830,"date":"2025-05-16T13:13:36","date_gmt":"2025-05-16T13:13:36","guid":{"rendered":"https:\/\/planosecuenciafilms.barcelona.ro\/?page_id=24830"},"modified":"2025-05-16T13:14:40","modified_gmt":"2025-05-16T13:14:40","slug":"politica-de-cookies","status":"publish","type":"page","link":"https:\/\/planosecuenciafilms.com\/ca\/politica-de-cookies\/","title":{"rendered":"Pol\u00edtica de Cookies"},"content":{"rendered":"<div data-elementor-type=\"wp-page\" data-elementor-id=\"24830\" class=\"elementor elementor-24830\" data-elementor-post-type=\"page\">\n\t\t\t\t<div data-particle_enable=\"false\" data-particle-mobile-disabled=\"false\" class=\"elementor-element elementor-element-2f49f9f e-flex e-con-boxed e-con e-parent\" data-id=\"2f49f9f\" data-element_type=\"container\">\n\t\t\t\t\t<div class=\"e-con-inner\">\n\t\t\t\t<div class=\"elementor-element elementor-element-023dae2 elementor-widget elementor-widget-text-editor\" data-id=\"023dae2\" data-element_type=\"widget\" data-widget_type=\"text-editor.default\">\n\t\t\t\t<div class=\"elementor-widget-container\">\n\t\t\t\t\t\t\t\t\t<p class=\"\" data-start=\"2529\" data-end=\"2677\">Aquest lloc web utilitza cookies pr\u00f2pies i de tercers per millorar lexperi\u00e8ncia dusuari, analitzar la navegaci\u00f3 i oferir continguts dinter\u00e8s.<\/p><h2 class=\"\" data-start=\"2679\" data-end=\"2703\">Qu\u00e8 s\u00f3n les cookies?<\/h2><p class=\"translation-block\" data-start=\"2705\" data-end=\"2969\">Una <strong data-start=\"2709\" data-end=\"2719\">cookie<\/strong> \u00e9s un petit fitxer que es baixa al dispositiu de l'usuari en accedir a certes p\u00e0gines web. Les galetes permeten a una p\u00e0gina, entre altres coses, emmagatzemar i recuperar informaci\u00f3 sobre els h\u00e0bits de navegaci\u00f3 de l'usuari o del seu equip.<\/p><h2 class=\"\" data-start=\"2971\" data-end=\"3001\">Tipus de cookies utilitzades<\/h2><ul data-start=\"3003\" data-end=\"3351\"><li class=\"\" data-start=\"3003\" data-end=\"3075\"><p class=\"translation-block\" data-start=\"3005\" data-end=\"3075\"><strong data-start=\"3005\" data-end=\"3025\">Cookies t\u00e8cniques<\/strong>: necess\u00e0ries per al funcionament del lloc web.<\/p><\/li><li class=\"\" data-start=\"3076\" data-end=\"3243\"><p class=\"translation-block\" data-start=\"3078\" data-end=\"3243\"><strong data-start=\"3078\" data-end=\"3101\">Cookies d'an\u00e0lisi<\/strong>: permeten quantificar el nombre d'usuaris i realitzar el mesurament i l'an\u00e0lisi estad\u00edstica de la utilitzaci\u00f3 que fan els usuaris del lloc.<\/p><\/li><li class=\"\" data-start=\"3244\" data-end=\"3351\"><p class=\"translation-block\" data-start=\"3246\" data-end=\"3351\"><strong data-start=\"3246\" data-end=\"3269\">Cookies de tercers<\/strong>: per exemple, les generades per serveis com Google Analytics, Vimeo o YouTube.<\/p><\/li><\/ul><h2 class=\"\" data-start=\"3353\" data-end=\"3383\">Com desactivar les cookies<\/h2><p class=\"\" data-start=\"3385\" data-end=\"3524\">L'usuari pot permetre, bloquejar o eliminar les cookies instal\u00b7lades al vostre equip mitjan\u00e7ant la configuraci\u00f3 de les opcions del navegador:<\/p><ul data-start=\"3526\" data-end=\"3762\"><li class=\"\" data-start=\"3526\" data-end=\"3588\"><p class=\"translation-block\" data-start=\"3528\" data-end=\"3588\"><strong data-start=\"3528\" data-end=\"3538\">Chrome<\/strong>: Configuraci\u00f3 &gt; Privadesa i seguretat &gt; Cookies<\/p><\/li><li class=\"\" data-start=\"3589\" data-end=\"3665\"><p class=\"translation-block\" data-start=\"3591\" data-end=\"3665\"><strong data-start=\"3591\" data-end=\"3602\">Firefox<\/strong>: Opcions &gt; Privadesa i seguretat &gt; Cookies i dades del lloc<\/p><\/li><li class=\"\" data-start=\"3666\" data-end=\"3705\"><p class=\"translation-block\" data-start=\"3668\" data-end=\"3705\"><strong data-start=\"3668\" data-end=\"3678\">Safari<\/strong>: Prefer\u00e8ncies &gt; Privadesa<\/p><\/li><li class=\"\" data-start=\"3706\" data-end=\"3762\"><p class=\"translation-block\" data-start=\"3708\" data-end=\"3762\"><strong data-start=\"3708\" data-end=\"3716\">Edge<\/strong>: Configuraci\u00f3 &gt; Cookies i permisos del lloc<\/p><\/li><\/ul><p class=\"\" data-start=\"3764\" data-end=\"3838\">La desactivaci\u00f3 de galetes pot afectar el funcionament del lloc web.<\/p><h2 class=\"\" data-start=\"3840\" data-end=\"3864\">Acceptaci\u00f3 de cookies<\/h2><p class=\"\" data-start=\"3866\" data-end=\"4107\">En continuar navegant per aquest lloc web, l'usuari consenteix l'\u00fas de les galetes en les condicions contingudes en aquesta Pol\u00edtica de Cookies. Podeu modificar el vostre consentiment en qualsevol moment des del banner o panell de configuraci\u00f3.<\/p>\t\t\t\t\t\t\t\t<\/div>\n\t\t\t\t<\/div>\n\t\t\t\t\t<\/div>\n\t\t\t\t<\/div>\n\t\t\t\t<\/div>","protected":false},"excerpt":{"rendered":"<p>Este sitio web utiliza cookies propias y de terceros para mejorar la experiencia de usuario, analizar la navegaci\u00f3n y ofrecer contenidos de inter\u00e9s. \u00bfQu\u00e9 son las cookies? Una cookie es un peque\u00f1o archivo que se descarga en el dispositivo del usuario al acceder a ciertas p\u00e1ginas web. Las cookies permiten a una p\u00e1gina, entre otras&hellip;<\/p>","protected":false},"author":1,"featured_media":0,"parent":0,"menu_order":0,"comment_status":"closed","ping_status":"closed","template":"","meta":{"footnotes":""},"class_list":["post-24830","page","type-page","status-publish","hentry"],"_links":{"self":[{"href":"https:\/\/planosecuenciafilms.com\/ca\/wp-json\/wp\/v2\/pages\/24830","targetHints":{"allow":["GET"]}}],"collection":[{"href":"https:\/\/planosecuenciafilms.com\/ca\/wp-json\/wp\/v2\/pages"}],"about":[{"href":"https:\/\/planosecuenciafilms.com\/ca\/wp-json\/wp\/v2\/types\/page"}],"author":[{"embeddable":true,"href":"https:\/\/planosecuenciafilms.com\/ca\/wp-json\/wp\/v2\/users\/1"}],"replies":[{"embeddable":true,"href":"https:\/\/planosecuenciafilms.com\/ca\/wp-json\/wp\/v2\/comments?post=24830"}],"version-history":[{"count":0,"href":"https:\/\/planosecuenciafilms.com\/ca\/wp-json\/wp\/v2\/pages\/24830\/revisions"}],"wp:attachment":[{"href":"https:\/\/planosecuenciafilms.com\/ca\/wp-json\/wp\/v2\/media?parent=24830"}],"curies":[{"name":"wp","href":"https:\/\/api.w.org\/{rel}","templated":true}]}}