{"id":24844,"date":"2025-05-16T13:39:33","date_gmt":"2025-05-16T13:39:33","guid":{"rendered":"https:\/\/planosecuenciafilms.barcelona.ro\/?page_id=24844"},"modified":"2025-05-16T13:40:32","modified_gmt":"2025-05-16T13:40:32","slug":"terminos-y-condiciones-de-uso","status":"publish","type":"page","link":"https:\/\/planosecuenciafilms.com\/ca\/terminos-y-condiciones-de-uso\/","title":{"rendered":"Termes i Condicions d'\u00fas"},"content":{"rendered":"<div data-elementor-type=\"wp-page\" data-elementor-id=\"24844\" class=\"elementor elementor-24844\" data-elementor-post-type=\"page\">\n\t\t\t\t<div data-particle_enable=\"false\" data-particle-mobile-disabled=\"false\" class=\"elementor-element elementor-element-ff32ee2 e-flex e-con-boxed e-con e-parent\" data-id=\"ff32ee2\" data-element_type=\"container\">\n\t\t\t\t\t<div class=\"e-con-inner\">\n\t\t\t\t<div class=\"elementor-element elementor-element-5d0579d elementor-widget elementor-widget-text-editor\" data-id=\"5d0579d\" data-element_type=\"widget\" data-widget_type=\"text-editor.default\">\n\t\t\t\t<div class=\"elementor-widget-container\">\n\t\t\t\t\t\t\t\t\t<h2 class=\"\" data-start=\"271\" data-end=\"302\">1. Titularitat del lloc web<\/h2><p class=\"\" data-start=\"304\" data-end=\"485\">En compliment del que estableix la Llei 34\/2002 de Serveis de la Societat de la Informaci\u00f3 i de Comer\u00e7 Electr\u00f2nic (LSSI-CE), s'informa que aquest lloc web \u00e9s propietat de:<\/p><ul data-start=\"487\" data-end=\"766\"><li class=\"\" data-start=\"487\" data-end=\"529\"><p class=\"translation-block\" data-start=\"489\" data-end=\"529\"><strong data-start=\"489\" data-end=\"507\">Nom fiscal:<\/strong> \u00d3scar G\u00f3mez Bol\u00edvar<\/p><\/li><li class=\"\" data-start=\"530\" data-end=\"556\"><p class=\"\" data-start=\"532\" data-end=\"556\"><strong data-start=\"532\" data-end=\"544\">CIF\/NIF:<\/strong> 36523698C<\/p><\/li><li class=\"\" data-start=\"557\" data-end=\"625\"><p class=\"\" data-start=\"559\" data-end=\"625\"><strong data-start=\"559\" data-end=\"573\">Adre\u00e7a:<\/strong> Carrer Alarona 3B 3\u00ba 1\u00aa, 08302, Matar\u00f3, Barcelona<\/p><\/li><li class=\"\" data-start=\"626\" data-end=\"655\"><p class=\"\" data-start=\"628\" data-end=\"655\"><strong data-start=\"628\" data-end=\"641\">Tel\u00e8fon:<\/strong> 686 756 511<\/p><\/li><li class=\"\" data-start=\"656\" data-end=\"716\"><p class=\"\" data-start=\"658\" data-end=\"716\"><strong data-start=\"658\" data-end=\"681\">Correu electr\u00f2nic:<\/strong> <a class=\"cursor-pointer\" rel=\"noopener\" data-start=\"682\" data-end=\"714\">contacto@planosecuenciafilms.com<\/a><\/p><\/li><li class=\"\" data-start=\"717\" data-end=\"766\"><p class=\"\" data-start=\"719\" data-end=\"766\"><strong data-start=\"719\" data-end=\"733\">Lloc web:<\/strong> <a class=\"\" href=\"https:\/\/planosecuenciafilms.com\/ca\/\" target=\"_new\" rel=\"noopener\" data-start=\"734\" data-end=\"766\">https:\/\/planosecuenciafilms.com\/<\/a><\/p><\/li><\/ul><h2 class=\"\" data-start=\"768\" data-end=\"810\">2. Acceptaci\u00f3 de les condicions d\u00fas<\/h2><p class=\"\" data-start=\"812\" data-end=\"1032\">L'acc\u00e9s i la utilitzaci\u00f3 del lloc web impliquen l'acceptaci\u00f3 plena i sense reserves per part de l'usuari de les presents condicions generals. Si no hi esteu d'acord, us haureu d'abstenir d'utilitzar aquest lloc.<\/p><p class=\"\" data-start=\"1034\" data-end=\"1245\">El titular es reserva el dret de modificar, en qualsevol moment i sense previ av\u00eds, la presentaci\u00f3, configuraci\u00f3 i contingut del lloc web, aix\u00ed com les condicions requerides per accedir-hi o utilitzar-lo.<\/p><h2 class=\"\" data-start=\"1247\" data-end=\"1259\">3. Objecte<\/h2><p class=\"\" data-start=\"1261\" data-end=\"1457\">A trav\u00e9s d'aquest lloc web s'ofereixen serveis i continguts relacionats amb la producci\u00f3 audiovisual, aix\u00ed com informaci\u00f3 sobre els serveis professionals prestats per Plano Secuencia Films.<\/p><h2 class=\"\" data-start=\"1459\" data-end=\"1489\">4. Obligacions de lusuari<\/h2><p class=\"\" data-start=\"1491\" data-end=\"1622\">L'usuari es compromet a fer un \u00fas adequat dels continguts i serveis oferts en aquest lloc web, ia no fer-los servir per:<\/p><ul data-start=\"1624\" data-end=\"2030\"><li class=\"\" data-start=\"1624\" data-end=\"1702\"><p class=\"\" data-start=\"1626\" data-end=\"1702\">Realitzar activitats il\u00b7l\u00edcites o contr\u00e0ries a la bona fe ia l'ordre p\u00fablic.<\/p><\/li><li class=\"\" data-start=\"1703\" data-end=\"1851\"><p class=\"\" data-start=\"1705\" data-end=\"1851\">Difondre contingut o propaganda de car\u00e0cter racista, xen\u00f2fob, pornogr\u00e0fic, d'apologia del terrorisme o atemptatori contra els drets humans.<\/p><\/li><li class=\"\" data-start=\"1852\" data-end=\"1931\"><p class=\"\" data-start=\"1854\" data-end=\"1931\">Provocar danys als sistemes f\u00edsics i l\u00f2gics del lloc web o de tercers.<\/p><\/li><li class=\"\" data-start=\"1932\" data-end=\"2030\"><p class=\"\" data-start=\"1934\" data-end=\"2030\">Intentar accedir i, si escau, utilitzar els comptes d'altres usuaris o modificar-ne els missatges.<\/p><\/li><\/ul><h2 class=\"\" data-start=\"2032\" data-end=\"2072\">5. Propietat intel\u00b7lectual i industrial<\/h2><p class=\"\" data-start=\"2074\" data-end=\"2410\">Tots els continguts del lloc web, entenent per aquests, a t\u00edtol enunciatiu i no limitatiu, els textos, imatges, fotografies, logos, dissenys, programari i codi font s\u00f3n propietat exclusiva d'\u00d3scar G\u00f3mez Bol\u00edvar o de tercers que n'han autoritzat l'\u00fas, estant protegits pels drets de propietat intel\u00b7lectual i industrial.<\/p><p class=\"\" data-start=\"2412\" data-end=\"2620\">Qualsevol \u00fas no autoritzat pr\u00e8viament pel titular ser\u00e0 considerat un incompliment greu dels drets de propietat intel\u00b7lectual o industrial i podr\u00e0 donar lloc a les accions legals corresponents.<\/p><h2 class=\"\" data-start=\"2622\" data-end=\"2643\">6. Responsabilitat<\/h2><p class=\"\" data-start=\"2645\" data-end=\"2926\">El titular del lloc web no es responsabilitza dels danys o perjudicis que es puguin derivar d'interfer\u00e8ncies, omissions, interrupcions, virus inform\u00e0tics, avaries telef\u00f2niques o desconnexions en el funcionament operatiu del sistema electr\u00f2nic, motivades per causes alienes.<\/p><p class=\"\" data-start=\"2928\" data-end=\"3047\">Tampoc ser\u00e0 responsable pels continguts enlla\u00e7ats des d'aquesta web, ja que no hi exerceix cap control.<\/p><h2 class=\"\" data-start=\"3049\" data-end=\"3074\">7. Pol\u00edtica denlla\u00e7os<\/h2><p class=\"\" data-start=\"3076\" data-end=\"3330\">Aquest lloc web pot contenir enlla\u00e7os a altres llocs web gestionats per tercers. Pl\u00e0nol Seq\u00fc\u00e8ncia Films no es fa responsable del contingut ni de l'estat d'aquests llocs. L'acc\u00e9s a aquests es realitza sota la responsabilitat exclusiva de l'usuari.<\/p><h2 class=\"\" data-start=\"3332\" data-end=\"3374\">8. Legislaci\u00f3 aplicable i jurisdicci\u00f3<\/h2><p class=\"translation-block\" data-start=\"3376\" data-end=\"3679\">Aquestes condicions es regeixen per la legislaci\u00f3 espanyola. Per a qualsevol controv\u00e8rsia que pogu\u00e9s derivar-se de l'acc\u00e9s o \u00fas del lloc web, ambdues parts se sotmeten als Jutjats i Tribunals de la ciutat de <strong data-start=\"3582\" data-end=\"3595\">Barcelona<\/strong>, renunciant a qualsevol altre fur general o especial que pogu\u00e9s correspondre.<\/p>\t\t\t\t\t\t\t\t<\/div>\n\t\t\t\t<\/div>\n\t\t\t\t\t<\/div>\n\t\t\t\t<\/div>\n\t\t\t\t<\/div>","protected":false},"excerpt":{"rendered":"<p>1. Titularidad del sitio web En cumplimiento de lo establecido en la Ley 34\/2002 de Servicios de la Sociedad de la Informaci\u00f3n y de Comercio Electr\u00f3nico (LSSI-CE), se informa que este sitio web es propiedad de: Nombre fiscal: \u00d3scar G\u00f3mez Bol\u00edvar CIF\/NIF: 36523698C Direcci\u00f3n: Carrer Alarona 3B 3\u00ba 1\u00aa, 08302, Matar\u00f3, Barcelona Tel\u00e9fono: 686 756&hellip;<\/p>","protected":false},"author":1,"featured_media":0,"parent":0,"menu_order":0,"comment_status":"closed","ping_status":"closed","template":"","meta":{"footnotes":""},"class_list":["post-24844","page","type-page","status-publish","hentry"],"_links":{"self":[{"href":"https:\/\/planosecuenciafilms.com\/ca\/wp-json\/wp\/v2\/pages\/24844","targetHints":{"allow":["GET"]}}],"collection":[{"href":"https:\/\/planosecuenciafilms.com\/ca\/wp-json\/wp\/v2\/pages"}],"about":[{"href":"https:\/\/planosecuenciafilms.com\/ca\/wp-json\/wp\/v2\/types\/page"}],"author":[{"embeddable":true,"href":"https:\/\/planosecuenciafilms.com\/ca\/wp-json\/wp\/v2\/users\/1"}],"replies":[{"embeddable":true,"href":"https:\/\/planosecuenciafilms.com\/ca\/wp-json\/wp\/v2\/comments?post=24844"}],"version-history":[{"count":0,"href":"https:\/\/planosecuenciafilms.com\/ca\/wp-json\/wp\/v2\/pages\/24844\/revisions"}],"wp:attachment":[{"href":"https:\/\/planosecuenciafilms.com\/ca\/wp-json\/wp\/v2\/media?parent=24844"}],"curies":[{"name":"wp","href":"https:\/\/api.w.org\/{rel}","templated":true}]}}