{"id":24825,"date":"2025-05-16T13:10:56","date_gmt":"2025-05-16T13:10:56","guid":{"rendered":"https:\/\/planosecuenciafilms.barcelona.ro\/?page_id=24825"},"modified":"2025-05-16T13:12:03","modified_gmt":"2025-05-16T13:12:03","slug":"politica-de-privacidad","status":"publish","type":"page","link":"https:\/\/planosecuenciafilms.com\/en\/politica-de-privacidad\/","title":{"rendered":"Privacy Policy"},"content":{"rendered":"<div data-elementor-type=\"wp-page\" data-elementor-id=\"24825\" class=\"elementor elementor-24825\" data-elementor-post-type=\"page\">\n\t\t\t\t<div data-particle_enable=\"false\" data-particle-mobile-disabled=\"false\" class=\"elementor-element elementor-element-bf0982c e-flex e-con-boxed e-con e-parent\" data-id=\"bf0982c\" data-element_type=\"container\">\n\t\t\t\t\t<div class=\"e-con-inner\">\n\t\t\t\t<div class=\"elementor-element elementor-element-1b0dd82 elementor-widget elementor-widget-text-editor\" data-id=\"1b0dd82\" data-element_type=\"widget\" data-widget_type=\"text-editor.default\">\n\t\t\t\t<div class=\"elementor-widget-container\">\n\t\t\t\t\t\t\t\t\t<h2 class=\"\" data-start=\"384\" data-end=\"417\">1. Data controller<\/h2><ul data-start=\"419\" data-end=\"614\"><li class=\"\" data-start=\"419\" data-end=\"459\"><p class=\"\" data-start=\"421\" data-end=\"459\"><strong data-start=\"421\" data-end=\"437\">Responsible:<\/strong> \u00d3scar G\u00f3mez Bol\u00edvar<\/p><\/li><li class=\"\" data-start=\"460\" data-end=\"486\"><p class=\"\" data-start=\"462\" data-end=\"486\"><strong data-start=\"462\" data-end=\"474\">CIF\/NIF:<\/strong> 36523698C<\/p><\/li><li class=\"\" data-start=\"487\" data-end=\"555\"><p class=\"\" data-start=\"489\" data-end=\"555\"><strong data-start=\"489\" data-end=\"503\">Address:<\/strong> Carrer Alarona 3B 3\u00ba 1\u00aa, 08302, Matar\u00f3, Barcelona<\/p><\/li><li class=\"\" data-start=\"556\" data-end=\"614\"><p class=\"\" data-start=\"558\" data-end=\"614\"><strong data-start=\"558\" data-end=\"581\">Email:<\/strong> <a class=\"cursor-pointer\" rel=\"noopener\" data-start=\"582\" data-end=\"614\">contacto@planosecuenciafilms.com<\/a><\/p><\/li><\/ul><h2 class=\"\" data-start=\"616\" data-end=\"647\">2. Purpose of the treatment<\/h2><p class=\"\" data-start=\"649\" data-end=\"746\">Personal data collected through the website will be processed for the following purposes:<\/p><ul data-start=\"748\" data-end=\"1035\"><li class=\"\" data-start=\"748\" data-end=\"847\"><p class=\"\" data-start=\"750\" data-end=\"847\">Respond to contact requests or quotes received through the provided forms.<\/p><\/li><li class=\"\" data-start=\"848\" data-end=\"963\"><p class=\"\" data-start=\"850\" data-end=\"963\">Send commercial information related to the services offered, if the user gives their express consent.<\/p><\/li><li class=\"\" data-start=\"964\" data-end=\"1035\"><p class=\"\" data-start=\"966\" data-end=\"1035\">Improve browsing experience and analyze website usage.<\/p><\/li><\/ul><h2 class=\"\" data-start=\"1037\" data-end=\"1055\">3. Legitimation<\/h2><p class=\"\" data-start=\"1057\" data-end=\"1291\">Data processing is based on the data subject's consent (Article 6.1.a GDPR), which may be withdrawn at any time, and on the controller's legitimate interest in maintaining relationships with website users.<\/p><h2 class=\"\" data-start=\"1293\" data-end=\"1312\">4. Recipients<\/h2><p class=\"\" data-start=\"1314\" data-end=\"1570\">Data will not be shared with third parties unless legally required or necessary to provide a service (such as hosting or technology service providers, who will act as data processors under a legal contract in accordance with the GDPR).<\/p><h2 class=\"\" data-start=\"1572\" data-end=\"1586\">5. Rights<\/h2><p class=\"\" data-start=\"1588\" data-end=\"1629\">The user may exercise his or her rights to:<\/p><ul data-start=\"1631\" data-end=\"1935\"><li class=\"\" data-start=\"1631\" data-end=\"1672\"><p class=\"translation-block\" data-start=\"1633\" data-end=\"1672\"><strong data-start=\"1633\" data-end=\"1643\">Access<\/strong>: know what data we process.<\/p><\/li><li class=\"\" data-start=\"1673\" data-end=\"1719\"><p class=\"translation-block\" data-start=\"1675\" data-end=\"1719\"><strong data-start=\"1675\" data-end=\"1692\">Rectification<\/strong>: correct inaccurate data.<\/p><\/li><li class=\"\" data-start=\"1720\" data-end=\"1775\"><p class=\"translation-block\" data-start=\"1722\" data-end=\"1775\"><strong data-start=\"1722\" data-end=\"1735\">Deletion<\/strong>: request the deletion of data.<\/p><\/li><li class=\"\" data-start=\"1776\" data-end=\"1830\"><p class=\"translation-block\" data-start=\"1778\" data-end=\"1830\"><strong data-start=\"1778\" data-end=\"1792\">Limitation<\/strong>: limit the processing of your data.<\/p><\/li><li class=\"\" data-start=\"1831\" data-end=\"1872\"><p class=\"translation-block\" data-start=\"1833\" data-end=\"1872\"><strong data-start=\"1833\" data-end=\"1846\">Objection<\/strong>: oppose the processing.<\/p><\/li><li class=\"\" data-start=\"1873\" data-end=\"1935\"><p class=\"translation-block\" data-start=\"1875\" data-end=\"1935\"><strong data-start=\"1875\" data-end=\"1891\">Portability<\/strong>: receive your data in a structured format.<\/p><\/li><\/ul><p class=\"translation-block\" data-start=\"1937\" data-end=\"2106\">You can exercise these rights by sending an email to <strong data-start=\"1999\" data-end=\"2035\"><a class=\"cursor-pointer\" rel=\"noopener\" data-start=\"2001\" data-end=\"2033\" target=\"_self\">contacto@planosecuenciafilms.com<\/a><\/strong>, accompanied by a copy of your ID or other valid identification document.<\/p><h2 class=\"\" data-start=\"2108\" data-end=\"2139\">6. Data retention<\/h2><p class=\"\" data-start=\"2141\" data-end=\"2342\">The data will be retained as long as the relationship with the user is maintained or as long as necessary to fulfill the purpose for which it was collected, and for the periods required by law.<\/p><h2 class=\"\" data-start=\"2344\" data-end=\"2359\">7. Security<\/h2><p class=\"\" data-start=\"2361\" data-end=\"2499\">Technical and organizational measures are implemented to protect personal data against loss, misuse, unauthorized access, or alteration.<\/p>\t\t\t\t\t\t\t\t<\/div>\n\t\t\t\t<\/div>\n\t\t\t\t\t<\/div>\n\t\t\t\t<\/div>\n\t\t\t\t<\/div>","protected":false},"excerpt":{"rendered":"<p>1. Responsable del tratamiento Responsable: \u00d3scar G\u00f3mez Bol\u00edvar CIF\/NIF: 36523698C Direcci\u00f3n: Carrer Alarona 3B 3\u00ba 1\u00aa, 08302, Matar\u00f3, Barcelona Correo electr\u00f3nico: contacto@planosecuenciafilms.com 2. Finalidad del tratamiento Los datos personales recogidos a trav\u00e9s del sitio web se tratar\u00e1n con las siguientes finalidades: Atender solicitudes de contacto o presupuestos recibidos a trav\u00e9s de los formularios habilitados. Enviar&hellip;<\/p>","protected":false},"author":1,"featured_media":0,"parent":0,"menu_order":0,"comment_status":"closed","ping_status":"closed","template":"","meta":{"footnotes":""},"class_list":["post-24825","page","type-page","status-publish","hentry"],"_links":{"self":[{"href":"https:\/\/planosecuenciafilms.com\/en\/wp-json\/wp\/v2\/pages\/24825","targetHints":{"allow":["GET"]}}],"collection":[{"href":"https:\/\/planosecuenciafilms.com\/en\/wp-json\/wp\/v2\/pages"}],"about":[{"href":"https:\/\/planosecuenciafilms.com\/en\/wp-json\/wp\/v2\/types\/page"}],"author":[{"embeddable":true,"href":"https:\/\/planosecuenciafilms.com\/en\/wp-json\/wp\/v2\/users\/1"}],"replies":[{"embeddable":true,"href":"https:\/\/planosecuenciafilms.com\/en\/wp-json\/wp\/v2\/comments?post=24825"}],"version-history":[{"count":0,"href":"https:\/\/planosecuenciafilms.com\/en\/wp-json\/wp\/v2\/pages\/24825\/revisions"}],"wp:attachment":[{"href":"https:\/\/planosecuenciafilms.com\/en\/wp-json\/wp\/v2\/media?parent=24825"}],"curies":[{"name":"wp","href":"https:\/\/api.w.org\/{rel}","templated":true}]}}