{"id":24830,"date":"2025-05-16T13:13:36","date_gmt":"2025-05-16T13:13:36","guid":{"rendered":"https:\/\/planosecuenciafilms.barcelona.ro\/?page_id=24830"},"modified":"2025-05-16T13:14:40","modified_gmt":"2025-05-16T13:14:40","slug":"politica-de-cookies","status":"publish","type":"page","link":"https:\/\/planosecuenciafilms.com\/en\/politica-de-cookies\/","title":{"rendered":"Cookie Policy"},"content":{"rendered":"<div data-elementor-type=\"wp-page\" data-elementor-id=\"24830\" class=\"elementor elementor-24830\" data-elementor-post-type=\"page\">\n\t\t\t\t<div data-particle_enable=\"false\" data-particle-mobile-disabled=\"false\" class=\"elementor-element elementor-element-2f49f9f e-flex e-con-boxed e-con e-parent\" data-id=\"2f49f9f\" data-element_type=\"container\">\n\t\t\t\t\t<div class=\"e-con-inner\">\n\t\t\t\t<div class=\"elementor-element elementor-element-023dae2 elementor-widget elementor-widget-text-editor\" data-id=\"023dae2\" data-element_type=\"widget\" data-widget_type=\"text-editor.default\">\n\t\t\t\t<div class=\"elementor-widget-container\">\n\t\t\t\t\t\t\t\t\t<p class=\"\" data-start=\"2529\" data-end=\"2677\">This website uses its own and third-party cookies to improve user experience, analyze navigation, and offer content of interest.<\/p><h2 class=\"\" data-start=\"2679\" data-end=\"2703\">What are cookies?<\/h2><p class=\"translation-block\" data-start=\"2705\" data-end=\"2969\">A <strong data-start=\"2709\" data-end=\"2719\">cookie<\/strong> is a small file that is downloaded to a user's device when they access certain web pages. Cookies allow a website, among other things, to store and retrieve information about the user's browsing habits or their device.<\/p><h2 class=\"\" data-start=\"2971\" data-end=\"3001\">Types of cookies used<\/h2><ul data-start=\"3003\" data-end=\"3351\"><li class=\"\" data-start=\"3003\" data-end=\"3075\"><p class=\"translation-block\" data-start=\"3005\" data-end=\"3075\"><strong data-start=\"3005\" data-end=\"3025\">Technical cookies<\/strong>: necessary for the operation of the website.<\/p><\/li><li class=\"\" data-start=\"3076\" data-end=\"3243\"><p class=\"translation-block\" data-start=\"3078\" data-end=\"3243\"><strong data-start=\"3078\" data-end=\"3101\">Analysis cookies<\/strong>: These cookies allow us to quantify the number of users and perform statistical measurements and analysis of how users use the site.<\/p><\/li><li class=\"\" data-start=\"3244\" data-end=\"3351\"><p class=\"translation-block\" data-start=\"3246\" data-end=\"3351\"><strong data-start=\"3246\" data-end=\"3269\">Third-party cookies<\/strong>: for example, those generated by services such as Google Analytics, Vimeo or YouTube.<\/p><\/li><\/ul><h2 class=\"\" data-start=\"3353\" data-end=\"3383\">How to disable cookies<\/h2><p class=\"\" data-start=\"3385\" data-end=\"3524\">The user can allow, block or delete cookies installed on their computer by configuring their browser options:<\/p><ul data-start=\"3526\" data-end=\"3762\"><li class=\"\" data-start=\"3526\" data-end=\"3588\"><p class=\"translation-block\" data-start=\"3528\" data-end=\"3588\"><strong data-start=\"3528\" data-end=\"3538\">Chrome<\/strong>: Settings &gt; Privacy &amp; security &gt; Cookies<\/p><\/li><li class=\"\" data-start=\"3589\" data-end=\"3665\"><p class=\"translation-block\" data-start=\"3591\" data-end=\"3665\"><strong data-start=\"3591\" data-end=\"3602\">Firefox<\/strong>: Options &gt; Privacy and security &gt; Cookies and site data<\/p><\/li><li class=\"\" data-start=\"3666\" data-end=\"3705\"><p class=\"translation-block\" data-start=\"3668\" data-end=\"3705\"><strong data-start=\"3668\" data-end=\"3678\">Safari<\/strong>: Preferences &gt; Privacy<\/p><\/li><li class=\"\" data-start=\"3706\" data-end=\"3762\"><p class=\"translation-block\" data-start=\"3708\" data-end=\"3762\">Edge: Settings &gt; Cookies and site permissions<\/p><\/li><\/ul><p class=\"\" data-start=\"3764\" data-end=\"3838\">Disabling cookies may affect the functioning of the website.<\/p><h2 class=\"\" data-start=\"3840\" data-end=\"3864\">Acceptance of cookies<\/h2><p class=\"\" data-start=\"3866\" data-end=\"4107\">By continuing to browse this website, you consent to the use of cookies under the terms and conditions set forth in this Cookie Policy. You can change your consent at any time from the banner or settings panel.<\/p>\t\t\t\t\t\t\t\t<\/div>\n\t\t\t\t<\/div>\n\t\t\t\t\t<\/div>\n\t\t\t\t<\/div>\n\t\t\t\t<\/div>","protected":false},"excerpt":{"rendered":"<p>Este sitio web utiliza cookies propias y de terceros para mejorar la experiencia de usuario, analizar la navegaci\u00f3n y ofrecer contenidos de inter\u00e9s. \u00bfQu\u00e9 son las cookies? Una cookie es un peque\u00f1o archivo que se descarga en el dispositivo del usuario al acceder a ciertas p\u00e1ginas web. Las cookies permiten a una p\u00e1gina, entre otras&hellip;<\/p>","protected":false},"author":1,"featured_media":0,"parent":0,"menu_order":0,"comment_status":"closed","ping_status":"closed","template":"","meta":{"footnotes":""},"class_list":["post-24830","page","type-page","status-publish","hentry"],"_links":{"self":[{"href":"https:\/\/planosecuenciafilms.com\/en\/wp-json\/wp\/v2\/pages\/24830","targetHints":{"allow":["GET"]}}],"collection":[{"href":"https:\/\/planosecuenciafilms.com\/en\/wp-json\/wp\/v2\/pages"}],"about":[{"href":"https:\/\/planosecuenciafilms.com\/en\/wp-json\/wp\/v2\/types\/page"}],"author":[{"embeddable":true,"href":"https:\/\/planosecuenciafilms.com\/en\/wp-json\/wp\/v2\/users\/1"}],"replies":[{"embeddable":true,"href":"https:\/\/planosecuenciafilms.com\/en\/wp-json\/wp\/v2\/comments?post=24830"}],"version-history":[{"count":0,"href":"https:\/\/planosecuenciafilms.com\/en\/wp-json\/wp\/v2\/pages\/24830\/revisions"}],"wp:attachment":[{"href":"https:\/\/planosecuenciafilms.com\/en\/wp-json\/wp\/v2\/media?parent=24830"}],"curies":[{"name":"wp","href":"https:\/\/api.w.org\/{rel}","templated":true}]}}