{"id":24844,"date":"2025-05-16T13:39:33","date_gmt":"2025-05-16T13:39:33","guid":{"rendered":"https:\/\/planosecuenciafilms.barcelona.ro\/?page_id=24844"},"modified":"2025-05-16T13:40:32","modified_gmt":"2025-05-16T13:40:32","slug":"terminos-y-condiciones-de-uso","status":"publish","type":"page","link":"https:\/\/planosecuenciafilms.com\/en\/terminos-y-condiciones-de-uso\/","title":{"rendered":"Terms and Conditions of Use"},"content":{"rendered":"<div data-elementor-type=\"wp-page\" data-elementor-id=\"24844\" class=\"elementor elementor-24844\" data-elementor-post-type=\"page\">\n\t\t\t\t<div data-particle_enable=\"false\" data-particle-mobile-disabled=\"false\" class=\"elementor-element elementor-element-ff32ee2 e-flex e-con-boxed e-con e-parent\" data-id=\"ff32ee2\" data-element_type=\"container\">\n\t\t\t\t\t<div class=\"e-con-inner\">\n\t\t\t\t<div class=\"elementor-element elementor-element-5d0579d elementor-widget elementor-widget-text-editor\" data-id=\"5d0579d\" data-element_type=\"widget\" data-widget_type=\"text-editor.default\">\n\t\t\t\t<div class=\"elementor-widget-container\">\n\t\t\t\t\t\t\t\t\t<h2 class=\"\" data-start=\"271\" data-end=\"302\">1. Ownership of the website<\/h2><p class=\"\" data-start=\"304\" data-end=\"485\">In compliance with the provisions of Law 34\/2002 on Information Society Services and Electronic Commerce (LSSI-CE), it is reported that this website is owned by:<\/p><ul data-start=\"487\" data-end=\"766\"><li class=\"\" data-start=\"487\" data-end=\"529\"><p class=\"translation-block\" data-start=\"489\" data-end=\"529\"><strong data-start=\"489\" data-end=\"507\">Tax Name:<\/strong> \u00d3scar G\u00f3mez Bol\u00edvar<\/p><\/li><li class=\"\" data-start=\"530\" data-end=\"556\"><p class=\"\" data-start=\"532\" data-end=\"556\"><strong data-start=\"532\" data-end=\"544\">CIF\/NIF:<\/strong> 36523698C<\/p><\/li><li class=\"\" data-start=\"557\" data-end=\"625\"><p class=\"\" data-start=\"559\" data-end=\"625\"><strong data-start=\"559\" data-end=\"573\">Address:<\/strong> Carrer Alarona 3B 3\u00ba 1\u00aa, 08302, Matar\u00f3, Barcelona<\/p><\/li><li class=\"\" data-start=\"626\" data-end=\"655\"><p class=\"\" data-start=\"628\" data-end=\"655\"><strong data-start=\"628\" data-end=\"641\">Phone:<\/strong> 686 756 511<\/p><\/li><li class=\"\" data-start=\"656\" data-end=\"716\"><p class=\"\" data-start=\"658\" data-end=\"716\"><strong data-start=\"658\" data-end=\"681\">Email:<\/strong> <a class=\"cursor-pointer\" rel=\"noopener\" data-start=\"682\" data-end=\"714\">contacto@planosecuenciafilms.com<\/a><\/p><\/li><li class=\"\" data-start=\"717\" data-end=\"766\"><p class=\"\" data-start=\"719\" data-end=\"766\"><strong data-start=\"719\" data-end=\"733\">Website:<\/strong> <a class=\"\" href=\"https:\/\/planosecuenciafilms.com\/en\/\" target=\"_new\" rel=\"noopener\" data-start=\"734\" data-end=\"766\">https:\/\/planosecuenciafilms.com\/<\/a><\/p><\/li><\/ul><h2 class=\"\" data-start=\"768\" data-end=\"810\">2. Acceptance of the conditions of use<\/h2><p class=\"\" data-start=\"812\" data-end=\"1032\">Access to and use of the website implies full and unreserved acceptance by the user of these general conditions. If you do not agree with them, you should refrain from using this site.<\/p><p class=\"\" data-start=\"1034\" data-end=\"1245\">The owner reserves the right to modify, at any time and without prior notice, the presentation, configuration, and content of the website, as well as the conditions required for its access or use.<\/p><h2 class=\"\" data-start=\"1247\" data-end=\"1259\">3. Object<\/h2><p class=\"\" data-start=\"1261\" data-end=\"1457\">This website offers services and content related to audiovisual production, as well as information on the professional services provided by Plano Secuencia Films.<\/p><h2 class=\"\" data-start=\"1459\" data-end=\"1489\">4. User obligations<\/h2><p class=\"\" data-start=\"1491\" data-end=\"1622\">The user agrees to make appropriate use of the content and services offered on this website, and not to use them for:<\/p><ul data-start=\"1624\" data-end=\"2030\"><li class=\"\" data-start=\"1624\" data-end=\"1702\"><p class=\"\" data-start=\"1626\" data-end=\"1702\">Carrying out illegal activities or activities contrary to good faith and public order.<\/p><\/li><li class=\"\" data-start=\"1703\" data-end=\"1851\"><p class=\"\" data-start=\"1705\" data-end=\"1851\">Disseminate content or propaganda that is racist, xenophobic, pornographic, supports terrorism, or violates human rights.<\/p><\/li><li class=\"\" data-start=\"1852\" data-end=\"1931\"><p class=\"\" data-start=\"1854\" data-end=\"1931\">Cause damage to the physical and logical systems of the website or third parties.<\/p><\/li><li class=\"\" data-start=\"1932\" data-end=\"2030\"><p class=\"\" data-start=\"1934\" data-end=\"2030\">Attempt to access and, where appropriate, use other users' accounts or modify their messages.<\/p><\/li><\/ul><h2 class=\"\" data-start=\"2032\" data-end=\"2072\">5. Intellectual and industrial property<\/h2><p class=\"\" data-start=\"2074\" data-end=\"2410\">All content on the website, including, but not limited to, text, images, photographs, logos, designs, software, and source code, is the exclusive property of \u00d3scar G\u00f3mez Bol\u00edvar or third parties who have authorized its use, and is protected by intellectual and industrial property rights.<\/p><p class=\"\" data-start=\"2412\" data-end=\"2620\">Any use not previously authorized by the owner will be considered a serious violation of intellectual or industrial property rights and may give rise to legal action.<\/p><h2 class=\"\" data-start=\"2622\" data-end=\"2643\">6. Responsibility<\/h2><p class=\"\" data-start=\"2645\" data-end=\"2926\">The website owner is not responsible for any damages or losses that may arise from interference, omissions, interruptions, computer viruses, telephone malfunctions, or disconnections in the operational functioning of the electronic system due to causes beyond its control.<\/p><p class=\"\" data-start=\"2928\" data-end=\"3047\">Nor will it be responsible for the content linked from this website, as it has no control over it.<\/p><h2 class=\"\" data-start=\"3049\" data-end=\"3074\">7. Link Policy<\/h2><p class=\"\" data-start=\"3076\" data-end=\"3330\">This website may contain links to other websites operated by third parties. Plano Secuencia Films is not responsible for the content or condition of these sites. Access to them is at the user's sole risk.<\/p><h2 class=\"\" data-start=\"3332\" data-end=\"3374\">8. Applicable legislation and jurisdiction<\/h2><p class=\"translation-block\" data-start=\"3376\" data-end=\"3679\">These terms and conditions are governed by Spanish law. For any dispute arising from access to or use of the website, both parties submit to the jurisdiction of the Courts and Tribunals of the city of Barcelona, \u200b\u200bwaiving any other general or special jurisdiction that may apply.<\/p>\t\t\t\t\t\t\t\t<\/div>\n\t\t\t\t<\/div>\n\t\t\t\t\t<\/div>\n\t\t\t\t<\/div>\n\t\t\t\t<\/div>","protected":false},"excerpt":{"rendered":"<p>1. Titularidad del sitio web En cumplimiento de lo establecido en la Ley 34\/2002 de Servicios de la Sociedad de la Informaci\u00f3n y de Comercio Electr\u00f3nico (LSSI-CE), se informa que este sitio web es propiedad de: Nombre fiscal: \u00d3scar G\u00f3mez Bol\u00edvar CIF\/NIF: 36523698C Direcci\u00f3n: Carrer Alarona 3B 3\u00ba 1\u00aa, 08302, Matar\u00f3, Barcelona Tel\u00e9fono: 686 756&hellip;<\/p>","protected":false},"author":1,"featured_media":0,"parent":0,"menu_order":0,"comment_status":"closed","ping_status":"closed","template":"","meta":{"footnotes":""},"class_list":["post-24844","page","type-page","status-publish","hentry"],"_links":{"self":[{"href":"https:\/\/planosecuenciafilms.com\/en\/wp-json\/wp\/v2\/pages\/24844","targetHints":{"allow":["GET"]}}],"collection":[{"href":"https:\/\/planosecuenciafilms.com\/en\/wp-json\/wp\/v2\/pages"}],"about":[{"href":"https:\/\/planosecuenciafilms.com\/en\/wp-json\/wp\/v2\/types\/page"}],"author":[{"embeddable":true,"href":"https:\/\/planosecuenciafilms.com\/en\/wp-json\/wp\/v2\/users\/1"}],"replies":[{"embeddable":true,"href":"https:\/\/planosecuenciafilms.com\/en\/wp-json\/wp\/v2\/comments?post=24844"}],"version-history":[{"count":0,"href":"https:\/\/planosecuenciafilms.com\/en\/wp-json\/wp\/v2\/pages\/24844\/revisions"}],"wp:attachment":[{"href":"https:\/\/planosecuenciafilms.com\/en\/wp-json\/wp\/v2\/media?parent=24844"}],"curies":[{"name":"wp","href":"https:\/\/api.w.org\/{rel}","templated":true}]}}