{"id":24865,"date":"2025-05-16T13:56:17","date_gmt":"2025-05-16T13:56:17","guid":{"rendered":"https:\/\/planosecuenciafilms.barcelona.ro\/?page_id=24865"},"modified":"2026-03-25T08:40:07","modified_gmt":"2026-03-25T08:40:07","slug":"sobre-mi","status":"publish","type":"page","link":"https:\/\/planosecuenciafilms.com\/en\/sobre-mi\/","title":{"rendered":"About Us"},"content":{"rendered":"<div data-elementor-type=\"wp-page\" data-elementor-id=\"24865\" class=\"elementor elementor-24865\" data-elementor-post-type=\"page\">\n\t\t\t\t<div data-particle_enable=\"false\" data-particle-mobile-disabled=\"false\" class=\"elementor-element elementor-element-8ad0594 e-flex e-con-boxed e-con e-parent\" data-id=\"8ad0594\" data-element_type=\"container\">\n\t\t\t\t\t<div class=\"e-con-inner\">\n\t\t<div data-particle_enable=\"false\" data-particle-mobile-disabled=\"false\" class=\"elementor-element elementor-element-8f15659 e-con-full e-flex e-con e-child\" data-id=\"8f15659\" data-element_type=\"container\">\n\t\t\t\t<div class=\"elementor-element elementor-element-8f972ac elementor-widget elementor-widget-heading\" data-id=\"8f972ac\" data-element_type=\"widget\" data-widget_type=\"heading.default\">\n\t\t\t\t<div class=\"elementor-widget-container\">\n\t\t\t\t\t<h2 class=\"elementor-heading-title elementor-size-default\">\u00d3scar G\u00f3mez<\/h2>\t\t\t\t<\/div>\n\t\t\t\t<\/div>\n\t\t\t\t<div class=\"elementor-element elementor-element-fb47b1d elementor-widget elementor-widget-image\" data-id=\"fb47b1d\" data-element_type=\"widget\" data-widget_type=\"image.default\">\n\t\t\t\t<div class=\"elementor-widget-container\">\n\t\t\t\t\t\t\t\t\t\t\t\t\t\t\t<img fetchpriority=\"high\" decoding=\"async\" width=\"1364\" height=\"1552\" src=\"https:\/\/planosecuenciafilms.com\/wp-content\/uploads\/2026\/03\/Oscar-e1774373223916.jpg\" class=\"attachment-full size-full wp-image-26486\" alt=\"\" srcset=\"https:\/\/planosecuenciafilms.com\/wp-content\/uploads\/2026\/03\/Oscar-e1774373223916.jpg 1364w, https:\/\/planosecuenciafilms.com\/wp-content\/uploads\/2026\/03\/Oscar-e1774373223916-1350x1536.jpg 1350w, https:\/\/planosecuenciafilms.com\/wp-content\/uploads\/2026\/03\/Oscar-e1774373223916-11x12.jpg 11w, https:\/\/planosecuenciafilms.com\/wp-content\/uploads\/2026\/03\/Oscar-e1774373223916-264x300.jpg 264w, https:\/\/planosecuenciafilms.com\/wp-content\/uploads\/2026\/03\/Oscar-e1774373223916-768x874.jpg 768w, https:\/\/planosecuenciafilms.com\/wp-content\/uploads\/2026\/03\/Oscar-e1774373223916-900x1024.jpg 900w\" sizes=\"(max-width: 1364px) 100vw, 1364px\" \/>\t\t\t\t\t\t\t\t\t\t\t\t\t\t\t<\/div>\n\t\t\t\t<\/div>\n\t\t\t\t<div class=\"elementor-element elementor-element-dbafd59 elementor-shape-rounded elementor-grid-0 e-grid-align-center elementor-widget elementor-widget-social-icons\" data-id=\"dbafd59\" data-element_type=\"widget\" data-widget_type=\"social-icons.default\">\n\t\t\t\t<div class=\"elementor-widget-container\">\n\t\t\t\t\t\t\t<div class=\"elementor-social-icons-wrapper elementor-grid\" role=\"list\">\n\t\t\t\t\t\t\t<span class=\"elementor-grid-item\" role=\"listitem\">\n\t\t\t\t\t<a class=\"elementor-icon elementor-social-icon elementor-social-icon-instagram elementor-repeater-item-90074dd\" href=\"https:\/\/www.instagram.com\/oscargomezvideo\" target=\"_blank\">\n\t\t\t\t\t\t<span class=\"elementor-screen-only\">Instagram<\/span>\n\t\t\t\t\t\t<svg aria-hidden=\"true\" class=\"e-font-icon-svg e-fab-instagram\" viewbox=\"0 0 448 512\" xmlns=\"http:\/\/www.w3.org\/2000\/svg\"><path d=\"M224.1 141c-63.6 0-114.9 51.3-114.9 114.9s51.3 114.9 114.9 114.9S339 319.5 339 255.9 287.7 141 224.1 141zm0 189.6c-41.1 0-74.7-33.5-74.7-74.7s33.5-74.7 74.7-74.7 74.7 33.5 74.7 74.7-33.6 74.7-74.7 74.7zm146.4-194.3c0 14.9-12 26.8-26.8 26.8-14.9 0-26.8-12-26.8-26.8s12-26.8 26.8-26.8 26.8 12 26.8 26.8zm76.1 27.2c-1.7-35.9-9.9-67.7-36.2-93.9-26.2-26.2-58-34.4-93.9-36.2-37-2.1-147.9-2.1-184.9 0-35.8 1.7-67.6 9.9-93.9 36.1s-34.4 58-36.2 93.9c-2.1 37-2.1 147.9 0 184.9 1.7 35.9 9.9 67.7 36.2 93.9s58 34.4 93.9 36.2c37 2.1 147.9 2.1 184.9 0 35.9-1.7 67.7-9.9 93.9-36.2 26.2-26.2 34.4-58 36.2-93.9 2.1-37 2.1-147.8 0-184.8zM398.8 388c-7.8 19.6-22.9 34.7-42.6 42.6-29.5 11.7-99.5 9-132.1 9s-102.7 2.6-132.1-9c-19.6-7.8-34.7-22.9-42.6-42.6-11.7-29.5-9-99.5-9-132.1s-2.6-102.7 9-132.1c7.8-19.6 22.9-34.7 42.6-42.6 29.5-11.7 99.5-9 132.1-9s102.7-2.6 132.1 9c19.6 7.8 34.7 22.9 42.6 42.6 11.7 29.5 9 99.5 9 132.1s2.7 102.7-9 132.1z\"><\/path><\/svg>\t\t\t\t\t<\/a>\n\t\t\t\t<\/span>\n\t\t\t\t\t\t\t<span class=\"elementor-grid-item\" role=\"listitem\">\n\t\t\t\t\t<a class=\"elementor-icon elementor-social-icon elementor-social-icon-youtube elementor-repeater-item-403cf27\" href=\"https:\/\/www.youtube.com\/@theoscarCine\" target=\"_blank\">\n\t\t\t\t\t\t<span class=\"elementor-screen-only\">Youtube<\/span>\n\t\t\t\t\t\t<svg aria-hidden=\"true\" class=\"e-font-icon-svg e-fab-youtube\" viewbox=\"0 0 576 512\" xmlns=\"http:\/\/www.w3.org\/2000\/svg\"><path d=\"M549.655 124.083c-6.281-23.65-24.787-42.276-48.284-48.597C458.781 64 288 64 288 64S117.22 64 74.629 75.486c-23.497 6.322-42.003 24.947-48.284 48.597-11.412 42.867-11.412 132.305-11.412 132.305s0 89.438 11.412 132.305c6.281 23.65 24.787 41.5 48.284 47.821C117.22 448 288 448 288 448s170.78 0 213.371-11.486c23.497-6.321 42.003-24.171 48.284-47.821 11.412-42.867 11.412-132.305 11.412-132.305s0-89.438-11.412-132.305zm-317.51 213.508V175.185l142.739 81.205-142.739 81.201z\"><\/path><\/svg>\t\t\t\t\t<\/a>\n\t\t\t\t<\/span>\n\t\t\t\t\t<\/div>\n\t\t\t\t\t\t<\/div>\n\t\t\t\t<\/div>\n\t\t\t\t<div class=\"elementor-element elementor-element-baac622 content-align-center icon-vertical-align-center icon-box-vertical-align-top icon-position-left elementor-widget elementor-widget-the7_icon_box_widget\" data-id=\"baac622\" data-element_type=\"widget\" data-widget_type=\"the7_icon_box_widget.default\">\n\t\t\t\t<div class=\"elementor-widget-container\">\n\t\t\t\t\t\n\t\t<div class=\"the7-box-wrapper the7-elementor-widget the7_icon_box_widget-baac622\">\t\t\t<div class=\"box-content-wrapper\">\n\t\t\t\t\t\t\t\t\t<a class=\"elementor-icon-div\" href=\"tel:%20686756511\">\t\t\t\t\t\t<div class=\"elementor-icon\">\n\t\t\t\t\t\t\t<svg aria-hidden=\"true\" class=\"e-font-icon-svg e-fas-phone-alt\" viewbox=\"0 0 512 512\" xmlns=\"http:\/\/www.w3.org\/2000\/svg\"><path d=\"M497.39 361.8l-112-48a24 24 0 0 0-28 6.9l-49.6 60.6A370.66 370.66 0 0 1 130.6 204.11l60.6-49.6a23.94 23.94 0 0 0 6.9-28l-48-112A24.16 24.16 0 0 0 122.6.61l-104 24A24 24 0 0 0 0 48c0 256.5 207.9 464 464 464a24 24 0 0 0 23.4-18.6l24-104a24.29 24.29 0 0 0-14.01-27.6z\"><\/path><\/svg>\t\t\t\t\t\t<\/div>\n\t\t\t\t\t<\/a>\t\t\t\t\t\t\t\t<div class=\"box-content\">\n\t\t\t\t\t\t\t\t\t\t\t\t\t\t\t\t\t<div class=\"box-heading\">\n\t\t\t\t\t\t\t<a href=\"tel:%20686756511\">\t\t\t\t\t\t\t\t686 756 511\t\t\t\t\t\t\t<\/a>\t\t\t\t\t\t<\/div>\n\t\t\t\t\t\t\t\t\t\t\n\t\t\t\t\t\n\t\t\t\t<\/div>\n\t\t\t<\/div>\n\t\t<\/div>\t\t\t\t\t<\/div>\n\t\t\t\t<\/div>\n\t\t\t\t<\/div>\n\t\t<div data-particle_enable=\"false\" data-particle-mobile-disabled=\"false\" class=\"elementor-element elementor-element-8bf402e e-con-full e-flex e-con e-child\" data-id=\"8bf402e\" data-element_type=\"container\">\n\t\t\t\t<div class=\"elementor-element elementor-element-8da1c21 elementor-widget elementor-widget-text-editor\" data-id=\"8da1c21\" data-element_type=\"widget\" data-widget_type=\"text-editor.default\">\n\t\t\t\t<div class=\"elementor-widget-container\">\n\t\t\t\t\t\t\t\t\t<div class=\"elementor-element elementor-element-6c2354cd elementor-widget elementor-widget-text-editor\" data-id=\"6c2354cd\" data-element_type=\"widget\" data-widget_type=\"text-editor.default\"><div class=\"elementor-widget-container\"><p><strong>Audiovisual Creative &amp; Producer<\/strong><\/p><\/div><\/div><div class=\"elementor-element elementor-element-8370036 elementor-widget elementor-widget-text-editor\" data-id=\"8370036\" data-element_type=\"widget\" data-widget_type=\"text-editor.default\"><div class=\"elementor-widget-container\"><p>Hybrid filmmaker. Film enthusiast and director of various short and feature-length fiction films. He stands out for his ability to adapt to any audiovisual technical requirement.<\/p><\/div><\/div>\t\t\t\t\t\t\t\t<\/div>\n\t\t\t\t<\/div>\n\t\t\t\t<div class=\"elementor-element elementor-element-aa08d9f elementor-widget elementor-widget-text-editor\" data-id=\"aa08d9f\" data-element_type=\"widget\" data-widget_type=\"text-editor.default\">\n\t\t\t\t<div class=\"elementor-widget-container\">\n\t\t\t\t\t\t\t\t\t<p>\"Oscar is a professional passionate about personal growth. With extensive experience in mentoring, his goal is to help others reach their goals. His practical and personalized approach allows mentees to discover their true potential. Here you can learn more about his career and how he can guide you.\"<\/p>\t\t\t\t\t\t\t\t<\/div>\n\t\t\t\t<\/div>\n\t\t\t\t<div class=\"elementor-element elementor-element-e171404 elementor-widget elementor-widget-heading\" data-id=\"e171404\" data-element_type=\"widget\" data-widget_type=\"heading.default\">\n\t\t\t\t<div class=\"elementor-widget-container\">\n\t\t\t\t\t<h3 class=\"elementor-heading-title elementor-size-default\">Contact me<\/h3>\t\t\t\t<\/div>\n\t\t\t\t<\/div>\n\t\t\t\t<div class=\"elementor-element elementor-element-18898e9 elementor-button-align-stretch elementor-widget elementor-widget-form\" data-id=\"18898e9\" data-element_type=\"widget\" data-settings=\"{&quot;step_next_label&quot;:&quot;Next&quot;,&quot;step_previous_label&quot;:&quot;Previous&quot;,&quot;button_width&quot;:&quot;100&quot;,&quot;step_type&quot;:&quot;number_text&quot;,&quot;step_icon_shape&quot;:&quot;circle&quot;}\" data-widget_type=\"form.default\">\n\t\t\t\t<div class=\"elementor-widget-container\">\n\t\t\t\t\t\t\t<form class=\"elementor-form\" method=\"post\" name=\"contact direct\" aria-label=\"contact direct\" action=\"\">\n\t\t\t<input type=\"hidden\" name=\"post_id\" value=\"24865\"\/>\n\t\t\t<input type=\"hidden\" name=\"form_id\" value=\"18898e9\"\/>\n\t\t\t<input type=\"hidden\" name=\"referer_title\" value=\"Sobre Nosotros\" \/>\n\n\t\t\t\t\t\t\t<input type=\"hidden\" name=\"queried_id\" value=\"24865\"\/>\n\t\t\t\n\t\t\t<div class=\"elementor-form-fields-wrapper elementor-labels-above\">\n\t\t\t\t\t\t\t\t<div class=\"elementor-field-type-text elementor-field-group elementor-column elementor-field-group-name elementor-col-100\">\n\t\t\t\t\t\t\t\t\t\t\t\t<label for=\"form-field-name\" class=\"elementor-field-label\">\n\t\t\t\t\t\t\t\tName\t\t\t\t\t\t\t<\/label>\n\t\t\t\t\t\t\t\t\t\t\t\t\t\t<input size=\"1\" type=\"text\" name=\"form_fields[name]\" id=\"form-field-name\" class=\"elementor-field elementor-size-sm  elementor-field-textual\" placeholder=\"Name\">\n\t\t\t\t\t\t\t\t\t\t\t<\/div>\n\t\t\t\t\t\t\t\t<div class=\"elementor-field-type-email elementor-field-group elementor-column elementor-field-group-email elementor-col-100 elementor-field-required\">\n\t\t\t\t\t\t\t\t\t\t\t\t<label for=\"form-field-email\" class=\"elementor-field-label\">\n\t\t\t\t\t\t\t\tEmail\t\t\t\t\t\t\t<\/label>\n\t\t\t\t\t\t\t\t\t\t\t\t\t\t<input size=\"1\" type=\"email\" name=\"form_fields[email]\" id=\"form-field-email\" class=\"elementor-field elementor-size-sm  elementor-field-textual\" placeholder=\"Email\" required=\"required\">\n\t\t\t\t\t\t\t\t\t\t\t<\/div>\n\t\t\t\t\t\t\t\t<div class=\"elementor-field-type-textarea elementor-field-group elementor-column elementor-field-group-message elementor-col-100\">\n\t\t\t\t\t\t\t\t\t\t\t\t<label for=\"form-field-message\" class=\"elementor-field-label\">\n\t\t\t\t\t\t\t\tMessage\t\t\t\t\t\t\t<\/label>\n\t\t\t\t\t\t<textarea class=\"elementor-field-textual elementor-field  elementor-size-sm\" name=\"form_fields[message]\" id=\"form-field-message\" rows=\"4\" placeholder=\"Message\"><\/textarea>\t\t\t\t<\/div>\n\t\t\t\t\t\t\t\t<div class=\"elementor-field-group elementor-column elementor-field-type-submit elementor-col-100 e-form__buttons\">\n\t\t\t\t\t<button class=\"elementor-button elementor-size-sm\" type=\"submit\">\n\t\t\t\t\t\t<span class=\"elementor-button-content-wrapper\">\n\t\t\t\t\t\t\t\t\t\t\t\t\t\t\t\t\t\t\t\t\t\t<span class=\"elementor-button-text\">Send<\/span>\n\t\t\t\t\t\t\t\t\t\t\t\t\t<\/span>\n\t\t\t\t\t<\/button>\n\t\t\t\t<\/div>\n\t\t\t<\/div>\n\t\t<input type=\"hidden\" name=\"trp-form-language\" value=\"en\"\/><\/form>\n\t\t\t\t\t\t<\/div>\n\t\t\t\t<\/div>\n\t\t\t\t<\/div>\n\t\t\t\t\t<\/div>\n\t\t\t\t<\/div>\n\t\t<div data-particle_enable=\"false\" data-particle-mobile-disabled=\"false\" class=\"elementor-element elementor-element-03e811f e-con-full e-flex e-con e-parent\" data-id=\"03e811f\" data-element_type=\"container\">\n\t\t\t\t<div class=\"elementor-element elementor-element-8b0be80 elementor-widget elementor-widget-spacer\" data-id=\"8b0be80\" data-element_type=\"widget\" data-widget_type=\"spacer.default\">\n\t\t\t\t<div class=\"elementor-widget-container\">\n\t\t\t\t\t\t\t<div class=\"elementor-spacer\">\n\t\t\t<div class=\"elementor-spacer-inner\"><\/div>\n\t\t<\/div>\n\t\t\t\t\t\t<\/div>\n\t\t\t\t<\/div>\n\t\t\t\t<\/div>\n\t\t<div data-particle_enable=\"false\" data-particle-mobile-disabled=\"false\" class=\"elementor-element elementor-element-0e806ec e-flex e-con-boxed e-con e-parent\" data-id=\"0e806ec\" data-element_type=\"container\">\n\t\t\t\t\t<div class=\"e-con-inner\">\n\t\t<div data-particle_enable=\"false\" data-particle-mobile-disabled=\"false\" class=\"elementor-element elementor-element-0df2c86 e-con-full e-flex e-con e-child\" data-id=\"0df2c86\" data-element_type=\"container\">\n\t\t\t\t<div class=\"elementor-element elementor-element-56306bc elementor-widget elementor-widget-heading\" data-id=\"56306bc\" data-element_type=\"widget\" data-widget_type=\"heading.default\">\n\t\t\t\t<div class=\"elementor-widget-container\">\n\t\t\t\t\t<h2 class=\"elementor-heading-title elementor-size-default\">Elisabeth Merino<\/h2>\t\t\t\t<\/div>\n\t\t\t\t<\/div>\n\t\t\t\t<div class=\"elementor-element elementor-element-d78c69a elementor-widget elementor-widget-image\" data-id=\"d78c69a\" data-element_type=\"widget\" data-widget_type=\"image.default\">\n\t\t\t\t<div class=\"elementor-widget-container\">\n\t\t\t\t\t\t\t\t\t\t\t\t\t\t\t<img decoding=\"async\" src=\"https:\/\/planosecuenciafilms.com\/wp-content\/uploads\/elementor\/thumbs\/Elisabeth-rkzn659pumg3h7tb1yo5vlu3oljjes8r5vkmrd2rea.jpg\" title=\"Elisabeth\" alt=\"Elisabeth\" loading=\"lazy\" \/>\t\t\t\t\t\t\t\t\t\t\t\t\t\t\t<\/div>\n\t\t\t\t<\/div>\n\t\t\t\t<div class=\"elementor-element elementor-element-6adc49e elementor-widget elementor-widget-text-editor\" data-id=\"6adc49e\" data-element_type=\"widget\" data-widget_type=\"text-editor.default\">\n\t\t\t\t<div class=\"elementor-widget-container\">\n\t\t\t\t\t\t\t\t\t<div class=\"elementor-element elementor-element-6c2354cd elementor-widget elementor-widget-text-editor\" data-id=\"6c2354cd\" data-element_type=\"widget\" data-widget_type=\"text-editor.default\"><div class=\"elementor-widget-container\"><p><strong>Gesti\u00f3n, Producci\u00f3n y Estilista de Moda<\/strong><\/p><\/div><\/div><div class=\"elementor-element elementor-element-8370036 elementor-widget elementor-widget-text-editor\" data-id=\"8370036\" data-element_type=\"widget\" data-widget_type=\"text-editor.default\"><div class=\"elementor-widget-container\"><p>Con una visi\u00f3n estrat\u00e9gica que une la eficiencia operativa y la est\u00e9tica, Elisabeth Merino destaca por su capacidad integral para liderar proyectos creativos. Su perfil profesional equilibra la <strong>gesti\u00f3n y producci\u00f3n audiovisual<\/strong> con una s\u00f3lida especializaci\u00f3n como <strong>estilista de moda<\/strong>, permiti\u00e9ndole supervisar desde la log\u00edstica t\u00e9cnica hasta el \u00faltimo detalle visual en el set.<\/p><p>Actualmente, desarrolla su actividad profesional optimizando procesos de producci\u00f3n y definiendo la identidad est\u00e9tica en diversos formatos. Su enfoque se centra en aportar coherencia y valor diferencial a cada proyecto, garantizando que la excelencia en la <strong>gesti\u00f3n de recursos<\/strong> y la <strong>direcci\u00f3n de estilo<\/strong> caminen siempre de la mano.<\/p><\/div><\/div>\t\t\t\t\t\t\t\t<\/div>\n\t\t\t\t<\/div>\n\t\t\t\t<\/div>\n\t\t<div data-particle_enable=\"false\" data-particle-mobile-disabled=\"false\" class=\"elementor-element elementor-element-c3951fb e-con-full e-flex e-con e-child\" data-id=\"c3951fb\" data-element_type=\"container\">\n\t\t\t\t<div class=\"elementor-element elementor-element-1a2397a elementor-widget elementor-widget-heading\" data-id=\"1a2397a\" data-element_type=\"widget\" data-widget_type=\"heading.default\">\n\t\t\t\t<div class=\"elementor-widget-container\">\n\t\t\t\t\t<h2 class=\"elementor-heading-title elementor-size-default\">Albert Poquet<\/h2>\t\t\t\t<\/div>\n\t\t\t\t<\/div>\n\t\t\t\t<div class=\"elementor-element elementor-element-94ec33c elementor-widget elementor-widget-image\" data-id=\"94ec33c\" data-element_type=\"widget\" data-widget_type=\"image.default\">\n\t\t\t\t<div class=\"elementor-widget-container\">\n\t\t\t\t\t\t\t\t\t\t\t\t\t\t\t<img decoding=\"async\" src=\"https:\/\/planosecuenciafilms.com\/wp-content\/uploads\/elementor\/thumbs\/Albert-Poquet-e1769594887810-ribdmb6cnpmxoufpvc5k5teav4w6ofcby0s7ltq8tu.jpg\" title=\"Albert Poquet\" alt=\"Albert Poquet\" loading=\"lazy\" \/>\t\t\t\t\t\t\t\t\t\t\t\t\t\t\t<\/div>\n\t\t\t\t<\/div>\n\t\t\t\t<div class=\"elementor-element elementor-element-e1e604f elementor-widget elementor-widget-text-editor\" data-id=\"e1e604f\" data-element_type=\"widget\" data-widget_type=\"text-editor.default\">\n\t\t\t\t<div class=\"elementor-widget-container\">\n\t\t\t\t\t\t\t\t\t<div class=\"elementor-element elementor-element-6c2354cd elementor-widget elementor-widget-text-editor\" data-id=\"6c2354cd\" data-element_type=\"widget\" data-widget_type=\"text-editor.default\"><div class=\"elementor-widget-container\"><p><strong>Realizador y Director de Fotograf\u00eda<\/strong><\/p><\/div><\/div><div class=\"elementor-element elementor-element-8370036 elementor-widget elementor-widget-text-editor\" data-id=\"8370036\" data-element_type=\"widget\" data-widget_type=\"text-editor.default\"><div class=\"elementor-widget-container\"><p>Con una vocaci\u00f3n temprana que comenz\u00f3 entre c\u00e1maras anal\u00f3gicas, Albert Poquet es graduado en <strong>Medios Audiovisuales por la UPF (Tecnocampus)<\/strong> y formado como realizador en <strong>EMAV<\/strong>. Su trayectoria destaca por un equilibrio constante entre la formaci\u00f3n t\u00e9cnica avanzada y la experiencia pr\u00e1ctica en el set.<\/p><p>Actualmente, desarrolla su carrera profesional como <strong>realizador y director de fotograf\u00eda<\/strong>, especializ\u00e1ndose en los sectores de la <strong>publicidad, ficci\u00f3n, videoclips y documental<\/strong>. Su enfoque combina una s\u00f3lida base acad\u00e9mica con una mirada creativa vers\u00e1til, capaz de adaptarse a diversos lenguajes visuales.<\/p><\/div><\/div>\t\t\t\t\t\t\t\t<\/div>\n\t\t\t\t<\/div>\n\t\t\t\t<\/div>\n\t\t\t\t\t<\/div>\n\t\t\t\t<\/div>\n\t\t\t\t<\/div>","protected":false},"excerpt":{"rendered":"<p>\u00d3scar G\u00f3mez Instagram Youtube 686 756 511 Audiovisual Creative &amp; Producer Realizador h\u00edbrido. Entusiasta del cine y director de diferentes cortos y largometrajes de ficci\u00f3n. Destaca por su capacidad de adaptarse a cualquier necesidad t\u00e9cnica audiovisual. \u201dOscar es un profesional apasionado por el crecimiento personal. Con una amplia experiencia en mentor\u00eda, su objetivo es ayudar&hellip;<\/p>","protected":false},"author":1,"featured_media":24658,"parent":0,"menu_order":0,"comment_status":"closed","ping_status":"closed","template":"","meta":{"footnotes":""},"class_list":["post-24865","page","type-page","status-publish","has-post-thumbnail","hentry"],"_links":{"self":[{"href":"https:\/\/planosecuenciafilms.com\/en\/wp-json\/wp\/v2\/pages\/24865","targetHints":{"allow":["GET"]}}],"collection":[{"href":"https:\/\/planosecuenciafilms.com\/en\/wp-json\/wp\/v2\/pages"}],"about":[{"href":"https:\/\/planosecuenciafilms.com\/en\/wp-json\/wp\/v2\/types\/page"}],"author":[{"embeddable":true,"href":"https:\/\/planosecuenciafilms.com\/en\/wp-json\/wp\/v2\/users\/1"}],"replies":[{"embeddable":true,"href":"https:\/\/planosecuenciafilms.com\/en\/wp-json\/wp\/v2\/comments?post=24865"}],"version-history":[{"count":12,"href":"https:\/\/planosecuenciafilms.com\/en\/wp-json\/wp\/v2\/pages\/24865\/revisions"}],"predecessor-version":[{"id":26628,"href":"https:\/\/planosecuenciafilms.com\/en\/wp-json\/wp\/v2\/pages\/24865\/revisions\/26628"}],"wp:featuredmedia":[{"embeddable":true,"href":"https:\/\/planosecuenciafilms.com\/en\/wp-json\/wp\/v2\/media\/24658"}],"wp:attachment":[{"href":"https:\/\/planosecuenciafilms.com\/en\/wp-json\/wp\/v2\/media?parent=24865"}],"curies":[{"name":"wp","href":"https:\/\/api.w.org\/{rel}","templated":true}]}}